{"id":15,"date":"2011-07-16T08:43:57","date_gmt":"2011-07-16T08:43:57","guid":{"rendered":"http:\/\/localhost:8888\/ladan\/?page_id=15"},"modified":"2023-11-08T18:06:00","modified_gmt":"2023-11-08T17:06:00","slug":"om-ladan","status":"publish","type":"page","link":"https:\/\/www.welcometoladan.nu\/?page_id=15","title":{"rendered":"Om Ladan"},"content":{"rendered":"<p><a href=\"http:\/\/www.welcometoladan.nu\/wp-content\/uploads\/2011\/07\/sidebar-port.jpg\"><img decoding=\"async\" loading=\"lazy\" class=\"alignright size-full wp-image-348\" title=\"sidebar-port\" src=\"http:\/\/www.welcometoladan.nu\/wp-content\/uploads\/2011\/07\/sidebar-port.jpg\" alt=\"\" width=\"200\" height=\"690\" \/><\/a><\/p>\n<p>Ladan \u00e4r en oas och \u00f6ppen famn f\u00f6r alla som l\u00e4ngtar efter frid, gl\u00e4dje, tro och hopp. V\u00e4lkommen till en gemenskap d\u00e4r du kan h\u00e4mta inspiration och bli utrustad till att fungera enligt Guds plan. Jesu d\u00f6d och uppst\u00e5ndelse \u00e4r grunden f\u00f6r verksamheten i Ladan. Genom den Helige Andes kraft f\u00f6rmedlas tro, uppr\u00e4ttelse och helande till m\u00e4nniskor i v\u00e5r v\u00e4rld idag. I en tid d\u00e5 ingenting l\u00e4ngre tycks r\u00e4knas som heligt \u00e4r det viktigt att h\u00e5lla fast vid det raka och klara budskapet om Jesus Kristus. Han \u00e4r den ende som kan erbjuda en m\u00e4nniska fr\u00e4lsning, tro och hopp. Ladan \u00e4r en plats d\u00e4r detta uppmuntras och erbjuds. V\u00e5r, sommar, h\u00f6st och vinter i Ladan bjuder p\u00e5 unika tillf\u00e4llen att komma och m\u00f6ta och uppleva den levande och uppst\u00e5ndne Jesus. De medverkande som du f\u00e5r tillf\u00e4lle att m\u00f6ta, som presenteras p\u00e5 hemsidans programsida, \u00e4r alla Herrens tj\u00e4nare som f\u00f6rmedlar Guds Ord med profetisk inspiration och kraft. S\u00f6ndagskv\u00e4llarnas b\u00f6negemenskap uppbygger, f\u00f6rvandlar och inspirerar. Herren sj\u00e4lv bekr\u00e4ftar att det \u00e4r hans Ord genom att stadf\u00e4sta med de under och tecken han l\u00e5ter ske. Undervisningen i Ladan pr\u00e4glas av bibeltrohet och profetisk sk\u00e4rpa. Det \u00e4r detta vi beh\u00f6ver i v\u00e5r stressade och sekulariserade v\u00e4rld. V\u00e4lkommen i Jesu namn!<\/p>\n<p>Stiftelsens g\u00e5rd, Ladan, i Fj\u00e4rholma, strax utanf\u00f6r Markaryd \u00e4r basen f\u00f6r arbetet. I Ladan finns gudstj\u00e4nstlokal, cafeteria och bokbord. Det finns ocks\u00e5 sidoutrymmen, m\u00f6jlighet till enkel \u00f6vernattning och att st\u00e4lla upp husvagnar p\u00e5 g\u00e5rden.<br \/>\nLadan arrangerar och \u00e4r v\u00e4rd f\u00f6r kristna konferenser och m\u00f6tesserier.<\/p>\n<p>V\u00e4lkomna i Jesu namn!<br \/>\n<img decoding=\"async\" loading=\"lazy\" src=\"http:\/\/www.welcometoladan.nu\/bilder\/trDot.gif\" alt=\"\" width=\"1\" height=\"10\" \/><br \/>\nDu kan n\u00e5 Ladan p\u00e5 f\u00f6ljande s\u00e4tt:<\/p>\n<p>Adress: Hannabad 1365, 285 91 Markaryd<br \/>\nTel: 0433-101 35<\/p>\n<p>SWISH 123 66 44 389<br \/>\nBankgiro 313-1455<br \/>\nE-post: info@welcometoladan.nu<\/p>\n<p><img decoding=\"async\" loading=\"lazy\" src=\"http:\/\/www.welcometoladan.nu\/bilder\/trDot.gif\" alt=\"\" width=\"1\" height=\"5\" \/><br \/>\nF\u00f6r info och bokning av Ladans stugor: ring tel 0433-101 35.<\/p>\n","protected":false},"excerpt":{"rendered":"<p>Ladan \u00e4r en oas och \u00f6ppen famn f\u00f6r alla som l\u00e4ngtar efter frid, gl\u00e4dje, tro och hopp. V\u00e4lkommen till en gemenskap d\u00e4r du kan h\u00e4mta inspiration och bli utrustad till att fungera enligt Guds plan. Jesu d\u00f6d och uppst\u00e5ndelse \u00e4r grunden f\u00f6r verksamheten i Ladan. Genom den Helige Andes kraft f\u00f6rmedlas tro, uppr\u00e4ttelse och helande [&hellip;]<\/p>\n","protected":false},"author":1,"featured_media":86,"parent":0,"menu_order":0,"comment_status":"closed","ping_status":"closed","template":"","meta":[],"_links":{"self":[{"href":"https:\/\/www.welcometoladan.nu\/index.php?rest_route=\/wp\/v2\/pages\/15"}],"collection":[{"href":"https:\/\/www.welcometoladan.nu\/index.php?rest_route=\/wp\/v2\/pages"}],"about":[{"href":"https:\/\/www.welcometoladan.nu\/index.php?rest_route=\/wp\/v2\/types\/page"}],"author":[{"embeddable":true,"href":"https:\/\/www.welcometoladan.nu\/index.php?rest_route=\/wp\/v2\/users\/1"}],"replies":[{"embeddable":true,"href":"https:\/\/www.welcometoladan.nu\/index.php?rest_route=%2Fwp%2Fv2%2Fcomments&post=15"}],"version-history":[{"count":12,"href":"https:\/\/www.welcometoladan.nu\/index.php?rest_route=\/wp\/v2\/pages\/15\/revisions"}],"predecessor-version":[{"id":2214,"href":"https:\/\/www.welcometoladan.nu\/index.php?rest_route=\/wp\/v2\/pages\/15\/revisions\/2214"}],"wp:featuredmedia":[{"embeddable":true,"href":"https:\/\/www.welcometoladan.nu\/index.php?rest_route=\/"}],"wp:attachment":[{"href":"https:\/\/www.welcometoladan.nu\/index.php?rest_route=%2Fwp%2Fv2%2Fmedia&parent=15"}],"curies":[{"name":"wp","href":"https:\/\/api.w.org\/{rel}","templated":true}]}}