{"id":439,"date":"2012-10-12T18:07:57","date_gmt":"2012-10-12T18:07:57","guid":{"rendered":"http:\/\/www.welcometoladan.nu\/?page_id=439"},"modified":"2026-04-27T15:15:55","modified_gmt":"2026-04-27T13:15:55","slug":"hem","status":"publish","type":"page","link":"https:\/\/www.welcometoladan.nu\/","title":{"rendered":"V\u00e4lkommen till Ladans gemenskap &#8211; en oas och \u00f6ppen famn f\u00f6r alla"},"content":{"rendered":"<h3>\u00a0<\/h3>\n<hr \/>\n<h1><span style=\"color: #000000;\">S\u00d6NDAG 10 MAJ 15.00 OCH 18.00<\/span><\/h1>\n<h1><span style=\"color: #000000;\">OWE LINDESK\u00c4R\u00a0<\/span><\/h1>\n<h1><span style=\"color: #000000;\"><em>Tema: Den helande kraften i Jesu namn<\/em><\/span><\/h1>\n<h1><span style=\"color: #000000;\">LOVS\u00c5NG GUNILLA NILSSON<\/span><\/h1>\n<h3><span style=\"color: #000000;\">serveringen \u00f6ppen mellan m\u00f6tena<\/span><\/h3>\n<hr \/>\n<h3><a href=\"http:\/\/www.welcometoladan.nu\/wp-content\/uploads\/2025\/04\/OWE_LINDESKAR.png\"><img decoding=\"async\" loading=\"lazy\" class=\"alignleft size-full wp-image-2462\" src=\"http:\/\/www.welcometoladan.nu\/wp-content\/uploads\/2025\/04\/OWE_LINDESKAR.png\" alt=\"\" width=\"524\" height=\"720\" srcset=\"https:\/\/www.welcometoladan.nu\/wp-content\/uploads\/2025\/04\/OWE_LINDESKAR.png 524w, https:\/\/www.welcometoladan.nu\/wp-content\/uploads\/2025\/04\/OWE_LINDESKAR-218x300.png 218w\" sizes=\"(max-width: 524px) 100vw, 524px\" \/><\/a><\/h3>\n<h3><span style=\"color: #000000;\"><em>\u00a0<\/em><\/span><\/h3>\n<h2><a href=\"http:\/\/www.welcometoladan.nu\/?page_id=1784&amp;preview=true\"><span style=\"text-decoration: underline; color: #0000ff;\">\u00a0DET KOM ETT BREV OM ATT VARA ETT B\u00c4RARLAG F\u00d6R LADAN<\/span><\/a><\/h2>\n<h2><span style=\"color: #000000;\">F\u00f6r dig som vill vara med och st\u00f6dja &#8211;<\/span><\/h2>\n<h2><span style=\"color: #ff0000;\">SWISH \u00a0 123 66 44 389<\/span><\/h2>\n<h2><span style=\"color: #000000;\">\u00a0Stiftelsen Ladans \u00a0Bankgiro 313-1455<\/span><\/h2>\n<p><a href=\"http:\/\/www.welcometoladan.nu\/wp-content\/uploads\/2023\/11\/STIFTELSEN-LADAN.png\"><img decoding=\"async\" loading=\"lazy\" class=\"alignleft  wp-image-2201\" src=\"http:\/\/www.welcometoladan.nu\/wp-content\/uploads\/2023\/11\/STIFTELSEN-LADAN.png\" alt=\"\" width=\"354\" height=\"376\" srcset=\"https:\/\/www.welcometoladan.nu\/wp-content\/uploads\/2023\/11\/STIFTELSEN-LADAN.png 665w, https:\/\/www.welcometoladan.nu\/wp-content\/uploads\/2023\/11\/STIFTELSEN-LADAN-283x300.png 283w\" sizes=\"(max-width: 354px) 100vw, 354px\" \/><\/a><\/p>\n<hr \/>\n<p><a href=\"http:\/\/www.welcometoladan.nu\/wp-content\/uploads\/2013\/10\/main_page_immage.png\"><img decoding=\"async\" loading=\"lazy\" class=\"alignleft size-full wp-image-710\" style=\"margin: 10px 0px;\" src=\"http:\/\/www.welcometoladan.nu\/wp-content\/uploads\/2013\/10\/main_page_immage.png\" alt=\"main_page_immage\" width=\"767\" height=\"214\" srcset=\"https:\/\/www.welcometoladan.nu\/wp-content\/uploads\/2013\/10\/main_page_immage.png 767w, https:\/\/www.welcometoladan.nu\/wp-content\/uploads\/2013\/10\/main_page_immage-300x83.png 300w\" sizes=\"(max-width: 767px) 100vw, 767px\" \/><\/a><\/p>\n\n\n<figure class=\"wp-block-image\"><img alt=\"\"\/><\/figure>\n\n\n\n<figure class=\"wp-block-image\"><img alt=\"\"\/><\/figure>\n\n\n\n<figure class=\"is-layout-flex wp-block-gallery-1 wp-block-gallery has-nested-images columns-default is-cropped\"><\/figure>\n\n\n\n<figure class=\"wp-block-image\"><img alt=\"\"\/><\/figure>\n\n\n\n<figure class=\"wp-block-image\"><img alt=\"\"\/><\/figure>\n\n\n\n<figure class=\"wp-block-image\"><img alt=\"\"\/><\/figure>\n\n\n\n<figure class=\"wp-block-image\"><img alt=\"\"\/><\/figure>\n\n\n\n<figure class=\"wp-block-image size-large\"><a href=\"http:\/\/www.welcometoladan.nu\/wp-content\/uploads\/2024\/06\/interior2_2024.jpeg\"><img decoding=\"async\" loading=\"lazy\" width=\"1024\" height=\"768\" src=\"http:\/\/www.welcometoladan.nu\/wp-content\/uploads\/2024\/06\/interior2_2024-1024x768.jpeg\" alt=\"\" class=\"wp-image-2322\" srcset=\"https:\/\/www.welcometoladan.nu\/wp-content\/uploads\/2024\/06\/interior2_2024-1024x768.jpeg 1024w, https:\/\/www.welcometoladan.nu\/wp-content\/uploads\/2024\/06\/interior2_2024-300x225.jpeg 300w, https:\/\/www.welcometoladan.nu\/wp-content\/uploads\/2024\/06\/interior2_2024-768x576.jpeg 768w, https:\/\/www.welcometoladan.nu\/wp-content\/uploads\/2024\/06\/interior2_2024.jpeg 1080w\" sizes=\"(max-width: 1024px) 100vw, 1024px\" \/><\/a><\/figure>\n\n\n\n<div class=\"wp-block-media-text alignwide is-stacked-on-mobile\"><figure class=\"wp-block-media-text__media\"><\/figure><div class=\"wp-block-media-text__content\">\n<p><\/p>\n<\/div><\/div>\n","protected":false},"excerpt":{"rendered":"<p>\u00a0 S\u00d6NDAG 10 MAJ 15.00 OCH 18.00 OWE LINDESK\u00c4R\u00a0 Tema: Den helande kraften i Jesu namn LOVS\u00c5NG GUNILLA NILSSON serveringen \u00f6ppen mellan m\u00f6tena \u00a0 \u00a0DET KOM ETT BREV OM ATT VARA ETT B\u00c4RARLAG F\u00d6R LADAN F\u00f6r dig som vill vara med och st\u00f6dja &#8211; SWISH \u00a0 123 66 44 389 \u00a0Stiftelsen Ladans \u00a0Bankgiro 313-1455<\/p>\n","protected":false},"author":1,"featured_media":470,"parent":0,"menu_order":0,"comment_status":"closed","ping_status":"open","template":"","meta":[],"_links":{"self":[{"href":"https:\/\/www.welcometoladan.nu\/index.php?rest_route=\/wp\/v2\/pages\/439"}],"collection":[{"href":"https:\/\/www.welcometoladan.nu\/index.php?rest_route=\/wp\/v2\/pages"}],"about":[{"href":"https:\/\/www.welcometoladan.nu\/index.php?rest_route=\/wp\/v2\/types\/page"}],"author":[{"embeddable":true,"href":"https:\/\/www.welcometoladan.nu\/index.php?rest_route=\/wp\/v2\/users\/1"}],"replies":[{"embeddable":true,"href":"https:\/\/www.welcometoladan.nu\/index.php?rest_route=%2Fwp%2Fv2%2Fcomments&post=439"}],"version-history":[{"count":751,"href":"https:\/\/www.welcometoladan.nu\/index.php?rest_route=\/wp\/v2\/pages\/439\/revisions"}],"predecessor-version":[{"id":2606,"href":"https:\/\/www.welcometoladan.nu\/index.php?rest_route=\/wp\/v2\/pages\/439\/revisions\/2606"}],"wp:featuredmedia":[{"embeddable":true,"href":"https:\/\/www.welcometoladan.nu\/index.php?rest_route=\/wp\/v2\/media\/470"}],"wp:attachment":[{"href":"https:\/\/www.welcometoladan.nu\/index.php?rest_route=%2Fwp%2Fv2%2Fmedia&parent=439"}],"curies":[{"name":"wp","href":"https:\/\/api.w.org\/{rel}","templated":true}]}}